{"id":784,"date":"2024-02-28T12:29:59","date_gmt":"2024-02-28T15:29:59","guid":{"rendered":"http:\/\/br872.teste.website\/~vmftur82\/wordpress\/?page_id=784"},"modified":"2024-03-10T00:39:03","modified_gmt":"2024-03-10T03:39:03","slug":"quem-somos","status":"publish","type":"page","link":"https:\/\/www.vmfturbinas.com\/en\/quem-somos\/","title":{"rendered":"About Us"},"content":{"rendered":"<div data-elementor-type=\"wp-page\" data-elementor-id=\"784\" class=\"elementor elementor-784\" data-elementor-post-type=\"page\">\n\t\t\t\t<div class=\"elementor-element elementor-element-b938912 e-flex e-con-boxed e-con e-parent\" data-id=\"b938912\" data-element_type=\"container\">\n\t\t\t\t\t<div class=\"e-con-inner\">\n\t\t<div class=\"elementor-element elementor-element-cd41295 e-con-full e-flex e-con e-child\" data-id=\"cd41295\" data-element_type=\"container\" data-settings=\"{&quot;background_background&quot;:&quot;classic&quot;}\">\n\t\t\t\t<div class=\"elementor-element elementor-element-bd863ee elementor-widget elementor-widget-image\" data-id=\"bd863ee\" data-element_type=\"widget\" data-widget_type=\"image.default\">\n\t\t\t\t<div class=\"elementor-widget-container\">\n\t\t\t\t\t\t\t\t\t\t\t\t\t\t\t<img fetchpriority=\"high\" decoding=\"async\" width=\"620\" height=\"465\" src=\"https:\/\/www.vmfturbinas.com\/wp-content\/uploads\/2024\/03\/fachada-2.jpg\" class=\"attachment-large size-large wp-image-971\" alt=\"\" srcset=\"https:\/\/www.vmfturbinas.com\/wp-content\/uploads\/2024\/03\/fachada-2.jpg 900w, https:\/\/www.vmfturbinas.com\/wp-content\/uploads\/2024\/03\/fachada-2-300x225.jpg 300w, https:\/\/www.vmfturbinas.com\/wp-content\/uploads\/2024\/03\/fachada-2-768x576.jpg 768w, https:\/\/www.vmfturbinas.com\/wp-content\/uploads\/2024\/03\/fachada-2-16x12.jpg 16w\" sizes=\"(max-width: 620px) 100vw, 620px\" \/>\t\t\t\t\t\t\t\t\t\t\t\t\t\t\t<\/div>\n\t\t\t\t<\/div>\n\t\t\t\t<\/div>\n\t\t<div class=\"elementor-element elementor-element-c6f0d7f e-con-full e-flex e-con e-child\" data-id=\"c6f0d7f\" data-element_type=\"container\" data-settings=\"{&quot;background_background&quot;:&quot;classic&quot;}\">\n\t\t\t\t<div class=\"elementor-element elementor-element-41fb23e elementor-widget elementor-widget-text-editor\" data-id=\"41fb23e\" data-element_type=\"widget\" data-widget_type=\"text-editor.default\">\n\t\t\t\t<div class=\"elementor-widget-container\">\n\t\t\t\t\t\t\t\t\t<p>VMF Turbinas is located close to Sorocaba Airport in a new, modern and easily accessible area.<\/p><p>\u00a0 <br \/>We are a team of experts with over 30 years of experience and the broadest technical knowledge on the market. In a professional and transparent manner, we respond to market needs with the maintenance and repair of your turbine, as well as offering the operator solutions from repair to replacement of your engine.<\/p><p>\u00a0<\/p><p>Our facilities are divided into a workshop (HSI on PT6A engines and accessories overhaul) and a stock of parts, components and engines for immediate sale.<\/p>\t\t\t\t\t\t\t\t<\/div>\n\t\t\t\t<\/div>\n\t\t\t\t<\/div>\n\t\t\t\t\t<\/div>\n\t\t\t\t<\/div>\n\t\t<div class=\"elementor-element elementor-element-cd19266 e-flex e-con-boxed e-con e-parent\" data-id=\"cd19266\" data-element_type=\"container\">\n\t\t\t\t\t<div class=\"e-con-inner\">\n\t\t<div class=\"elementor-element elementor-element-b721a80 e-con-full e-flex e-con e-child\" data-id=\"b721a80\" data-element_type=\"container\" data-settings=\"{&quot;background_background&quot;:&quot;classic&quot;}\">\n\t\t\t\t<div class=\"elementor-element elementor-element-cfafc6a elementor-widget elementor-widget-heading\" data-id=\"cfafc6a\" data-element_type=\"widget\" data-widget_type=\"heading.default\">\n\t\t\t\t<div class=\"elementor-widget-container\">\n\t\t\t\t\t<h2 class=\"elementor-heading-title elementor-size-default\">The experience of our employees combined with the large volume of parts for quick service to our customers is what sets us apart.<\/h2>\t\t\t\t<\/div>\n\t\t\t\t<\/div>\n\t\t\t\t<\/div>\n\t\t\t\t\t<\/div>\n\t\t\t\t<\/div>\n\t\t<div class=\"elementor-element elementor-element-c6d81fc e-flex e-con-boxed e-con e-parent\" data-id=\"c6d81fc\" data-element_type=\"container\">\n\t\t\t\t\t<div class=\"e-con-inner\">\n\t\t<div class=\"elementor-element elementor-element-4dbcda4 e-con-full e-flex e-con e-child\" data-id=\"4dbcda4\" data-element_type=\"container\" data-settings=\"{&quot;background_background&quot;:&quot;classic&quot;}\">\n\t\t\t\t<div class=\"elementor-element elementor-element-cee10ff elementor-widget elementor-widget-heading\" data-id=\"cee10ff\" data-element_type=\"widget\" data-widget_type=\"heading.default\">\n\t\t\t\t<div class=\"elementor-widget-container\">\n\t\t\t\t\t<h2 class=\"elementor-heading-title elementor-size-default\">Location<\/h2>\t\t\t\t<\/div>\n\t\t\t\t<\/div>\n\t\t\t\t<div class=\"elementor-element elementor-element-8ae2303 elementor-widget elementor-widget-text-editor\" data-id=\"8ae2303\" data-element_type=\"widget\" data-widget_type=\"text-editor.default\">\n\t\t\t\t<div class=\"elementor-widget-container\">\n\t\t\t\t\t\t\t\t\t<p>Rua Isaltino Guanabara Rodrigues Costa, 869<br \/>Vila Bar\u00e3o | Sorocaba-SP<br \/>CEP 18065-480<\/p>\t\t\t\t\t\t\t\t<\/div>\n\t\t\t\t<\/div>\n\t\t\t\t<div class=\"elementor-element elementor-element-3f4df6f elementor-widget elementor-widget-heading\" data-id=\"3f4df6f\" data-element_type=\"widget\" data-widget_type=\"heading.default\">\n\t\t\t\t<div class=\"elementor-widget-container\">\n\t\t\t\t\t<h2 class=\"elementor-heading-title elementor-size-default\">Air Distance<\/h2>\t\t\t\t<\/div>\n\t\t\t\t<\/div>\n\t\t\t\t<div class=\"elementor-element elementor-element-b4ede20 elementor-widget elementor-widget-text-editor\" data-id=\"b4ede20\" data-element_type=\"widget\" data-widget_type=\"text-editor.default\">\n\t\t\t\t<div class=\"elementor-widget-container\">\n\t\t\t\t\t\t\t\t\t<p>Sao Paulo: 84 KM<\/p><p>Brasilia: 859 KM<br \/>Recife: 2177 KM<br \/>Porto Alegre: 816 KM<\/p>\t\t\t\t\t\t\t\t<\/div>\n\t\t\t\t<\/div>\n\t\t\t\t<\/div>\n\t\t<div class=\"elementor-element elementor-element-580c5af e-con-full e-flex e-con e-child\" data-id=\"580c5af\" data-element_type=\"container\" data-settings=\"{&quot;background_background&quot;:&quot;classic&quot;}\">\n\t\t\t\t<div class=\"elementor-element elementor-element-6b45b7c elementor-widget elementor-widget-google_maps\" data-id=\"6b45b7c\" data-element_type=\"widget\" data-widget_type=\"google_maps.default\">\n\t\t\t\t<div class=\"elementor-widget-container\">\n\t\t\t\t\t\t\t<div class=\"elementor-custom-embed\">\n\t\t\t<iframe loading=\"lazy\"\n\t\t\t\t\tsrc=\"https:\/\/maps.google.com\/maps?q=Rua%20Isaltino%20Guanabara%20Rodrigues%20Costa%2C%20869%20Vila%20Bar%C3%A3o%20%7C%20Sorocaba-SP%20CEP%2018065-480&#038;t=m&#038;z=17&#038;output=embed&#038;iwloc=near\"\n\t\t\t\t\ttitle=\"Rua Isaltino Guanabara Rodrigues Costa, 869 Vila Bar\u00e3o | Sorocaba-SP CEP 18065-480\"\n\t\t\t\t\taria-label=\"Rua Isaltino Guanabara Rodrigues Costa, 869 Vila Bar\u00e3o | Sorocaba-SP CEP 18065-480\"\n\t\t\t><\/iframe>\n\t\t<\/div>\n\t\t\t\t\t\t<\/div>\n\t\t\t\t<\/div>\n\t\t\t\t<\/div>\n\t\t\t\t\t<\/div>\n\t\t\t\t<\/div>\n\t\t\t\t<\/div>","protected":false},"excerpt":{"rendered":"<p>A VMF Turbinas esta localizados nas proximidades do Aeroporto de Sorocaba em uma \u00e1rea nova, moderna e de f\u00e1cil acesso. \u00a0 Somos uma equipe de especialistas com mais de 30 anos de experi\u00eancia com o mais amplo conhecimento t\u00e9cnico de mercado. De forma profissional e transparente, respondemos as necessidades do mercado com a manuten\u00e7\u00e3o e<a class=\"more-link\" href=\"https:\/\/www.vmfturbinas.com\/en\/quem-somos\/\">Continue reading <span class=\"screen-reader-text\">&#8220;Quem Somos&#8221;<\/span><\/a><\/p>","protected":false},"author":1,"featured_media":0,"parent":0,"menu_order":0,"comment_status":"closed","ping_status":"closed","template":"","meta":{"footnotes":""},"class_list":["post-784","page","type-page","status-publish","hentry","entry"],"aioseo_notices":[],"_links":{"self":[{"href":"https:\/\/www.vmfturbinas.com\/en\/wp-json\/wp\/v2\/pages\/784","targetHints":{"allow":["GET"]}}],"collection":[{"href":"https:\/\/www.vmfturbinas.com\/en\/wp-json\/wp\/v2\/pages"}],"about":[{"href":"https:\/\/www.vmfturbinas.com\/en\/wp-json\/wp\/v2\/types\/page"}],"author":[{"embeddable":true,"href":"https:\/\/www.vmfturbinas.com\/en\/wp-json\/wp\/v2\/users\/1"}],"replies":[{"embeddable":true,"href":"https:\/\/www.vmfturbinas.com\/en\/wp-json\/wp\/v2\/comments?post=784"}],"version-history":[{"count":31,"href":"https:\/\/www.vmfturbinas.com\/en\/wp-json\/wp\/v2\/pages\/784\/revisions"}],"predecessor-version":[{"id":1038,"href":"https:\/\/www.vmfturbinas.com\/en\/wp-json\/wp\/v2\/pages\/784\/revisions\/1038"}],"wp:attachment":[{"href":"https:\/\/www.vmfturbinas.com\/en\/wp-json\/wp\/v2\/media?parent=784"}],"curies":[{"name":"wp","href":"https:\/\/api.w.org\/{rel}","templated":true}]}}