{"id":771,"date":"2024-02-28T12:11:31","date_gmt":"2024-02-28T15:11:31","guid":{"rendered":"http:\/\/br872.teste.website\/~vmftur82\/wordpress\/?page_id=771"},"modified":"2026-02-03T19:11:53","modified_gmt":"2026-02-03T22:11:53","slug":"revisao-geral-em-acessorios","status":"publish","type":"page","link":"https:\/\/www.vmfturbinas.com\/en\/revisao-geral-em-acessorios\/","title":{"rendered":"Accessories Overhaul"},"content":{"rendered":"<div data-elementor-type=\"wp-page\" data-elementor-id=\"771\" class=\"elementor elementor-771\" data-elementor-post-type=\"page\">\n\t\t\t\t<div class=\"elementor-element elementor-element-a534b91 e-flex e-con-boxed e-con e-parent\" data-id=\"a534b91\" data-element_type=\"container\">\n\t\t\t\t\t<div class=\"e-con-inner\">\n\t\t\t\t<div class=\"elementor-element elementor-element-2daccc8 elementor-widget elementor-widget-text-editor\" data-id=\"2daccc8\" data-element_type=\"widget\" data-widget_type=\"text-editor.default\">\n\t\t\t\t<div class=\"elementor-widget-container\">\n\t\t\t\t\t\t\t\t\t<p>VMF Turbinas is a workshop specialized in inspection, repair and overhaul services for PT6A Series engine accessories, such as:<\/p>\t\t\t\t\t\t\t\t<\/div>\n\t\t\t\t<\/div>\n\t\t\t\t\t<\/div>\n\t\t\t\t<\/div>\n\t\t<div class=\"elementor-element elementor-element-4791434 e-flex e-con-boxed e-con e-parent\" data-id=\"4791434\" data-element_type=\"container\">\n\t\t\t\t\t<div class=\"e-con-inner\">\n\t\t<div class=\"elementor-element elementor-element-651a9e1 e-con-full e-flex e-con e-child\" data-id=\"651a9e1\" data-element_type=\"container\">\n\t\t\t\t<div class=\"elementor-element elementor-element-8412195 e-transform elementor-widget elementor-widget-image\" data-id=\"8412195\" data-element_type=\"widget\" data-settings=\"{&quot;_transform_rotateZ_effect&quot;:{&quot;unit&quot;:&quot;px&quot;,&quot;size&quot;:-3,&quot;sizes&quot;:[]},&quot;_transform_rotateZ_effect_tablet&quot;:{&quot;unit&quot;:&quot;deg&quot;,&quot;size&quot;:&quot;&quot;,&quot;sizes&quot;:[]},&quot;_transform_rotateZ_effect_mobile&quot;:{&quot;unit&quot;:&quot;deg&quot;,&quot;size&quot;:&quot;&quot;,&quot;sizes&quot;:[]}}\" data-widget_type=\"image.default\">\n\t\t\t\t<div class=\"elementor-widget-container\">\n\t\t\t\t\t\t\t\t\t\t\t\t\t\t\t<img fetchpriority=\"high\" decoding=\"async\" width=\"620\" height=\"620\" src=\"https:\/\/www.vmfturbinas.com\/wp-content\/uploads\/2024\/03\/peca-001.png\" class=\"attachment-large size-large wp-image-957\" alt=\"\" srcset=\"https:\/\/www.vmfturbinas.com\/wp-content\/uploads\/2024\/03\/peca-001.png 800w, https:\/\/www.vmfturbinas.com\/wp-content\/uploads\/2024\/03\/peca-001-300x300.png 300w, https:\/\/www.vmfturbinas.com\/wp-content\/uploads\/2024\/03\/peca-001-150x150.png 150w, https:\/\/www.vmfturbinas.com\/wp-content\/uploads\/2024\/03\/peca-001-768x768.png 768w, https:\/\/www.vmfturbinas.com\/wp-content\/uploads\/2024\/03\/peca-001-12x12.png 12w\" sizes=\"(max-width: 620px) 100vw, 620px\" \/>\t\t\t\t\t\t\t\t\t\t\t\t\t\t\t<\/div>\n\t\t\t\t<\/div>\n\t\t\t\t<div class=\"elementor-element elementor-element-ea4908b elementor-widget elementor-widget-text-editor\" data-id=\"ea4908b\" data-element_type=\"widget\" data-widget_type=\"text-editor.default\">\n\t\t\t\t<div class=\"elementor-widget-container\">\n\t\t\t\t\t\t\t\t\t<p>Overspeed Governor<\/p>\t\t\t\t\t\t\t\t<\/div>\n\t\t\t\t<\/div>\n\t\t\t\t<\/div>\n\t\t<div class=\"elementor-element elementor-element-440a16c e-con-full e-flex e-con e-child\" data-id=\"440a16c\" data-element_type=\"container\">\n\t\t\t\t<div class=\"elementor-element elementor-element-d16b61e e-transform elementor-widget elementor-widget-image\" data-id=\"d16b61e\" data-element_type=\"widget\" data-settings=\"{&quot;_transform_rotateZ_effect&quot;:{&quot;unit&quot;:&quot;px&quot;,&quot;size&quot;:4,&quot;sizes&quot;:[]},&quot;_transform_rotateZ_effect_tablet&quot;:{&quot;unit&quot;:&quot;deg&quot;,&quot;size&quot;:&quot;&quot;,&quot;sizes&quot;:[]},&quot;_transform_rotateZ_effect_mobile&quot;:{&quot;unit&quot;:&quot;deg&quot;,&quot;size&quot;:&quot;&quot;,&quot;sizes&quot;:[]}}\" data-widget_type=\"image.default\">\n\t\t\t\t<div class=\"elementor-widget-container\">\n\t\t\t\t\t\t\t\t\t\t\t\t\t\t\t<img decoding=\"async\" width=\"620\" height=\"620\" src=\"https:\/\/www.vmfturbinas.com\/wp-content\/uploads\/2024\/03\/peca-2-1024x1024.png\" class=\"attachment-large size-large wp-image-953\" alt=\"\" srcset=\"https:\/\/www.vmfturbinas.com\/wp-content\/uploads\/2024\/03\/peca-2-1024x1024.png 1024w, https:\/\/www.vmfturbinas.com\/wp-content\/uploads\/2024\/03\/peca-2-300x300.png 300w, https:\/\/www.vmfturbinas.com\/wp-content\/uploads\/2024\/03\/peca-2-150x150.png 150w, https:\/\/www.vmfturbinas.com\/wp-content\/uploads\/2024\/03\/peca-2-768x768.png 768w, https:\/\/www.vmfturbinas.com\/wp-content\/uploads\/2024\/03\/peca-2-12x12.png 12w, https:\/\/www.vmfturbinas.com\/wp-content\/uploads\/2024\/03\/peca-2.png 1500w\" sizes=\"(max-width: 620px) 100vw, 620px\" \/>\t\t\t\t\t\t\t\t\t\t\t\t\t\t\t<\/div>\n\t\t\t\t<\/div>\n\t\t\t\t<div class=\"elementor-element elementor-element-6c8cad4 elementor-widget elementor-widget-text-editor\" data-id=\"6c8cad4\" data-element_type=\"widget\" data-widget_type=\"text-editor.default\">\n\t\t\t\t<div class=\"elementor-widget-container\">\n\t\t\t\t\t\t\t\t\t<p>Propeller Governor<\/p>\t\t\t\t\t\t\t\t<\/div>\n\t\t\t\t<\/div>\n\t\t\t\t<\/div>\n\t\t<div class=\"elementor-element elementor-element-267f760 e-con-full e-flex e-con e-child\" data-id=\"267f760\" data-element_type=\"container\">\n\t\t\t\t<div class=\"elementor-element elementor-element-cc26fd9 e-transform elementor-widget elementor-widget-image\" data-id=\"cc26fd9\" data-element_type=\"widget\" data-settings=\"{&quot;_transform_rotateZ_effect&quot;:{&quot;unit&quot;:&quot;px&quot;,&quot;size&quot;:5,&quot;sizes&quot;:[]},&quot;_transform_rotateZ_effect_tablet&quot;:{&quot;unit&quot;:&quot;deg&quot;,&quot;size&quot;:&quot;&quot;,&quot;sizes&quot;:[]},&quot;_transform_rotateZ_effect_mobile&quot;:{&quot;unit&quot;:&quot;deg&quot;,&quot;size&quot;:&quot;&quot;,&quot;sizes&quot;:[]}}\" data-widget_type=\"image.default\">\n\t\t\t\t<div class=\"elementor-widget-container\">\n\t\t\t\t\t\t\t\t\t\t\t\t\t\t\t<img decoding=\"async\" width=\"620\" height=\"620\" src=\"https:\/\/www.vmfturbinas.com\/wp-content\/uploads\/2024\/03\/peca-4-1024x1024.png\" class=\"attachment-large size-large wp-image-955\" alt=\"\" srcset=\"https:\/\/www.vmfturbinas.com\/wp-content\/uploads\/2024\/03\/peca-4-1024x1024.png 1024w, https:\/\/www.vmfturbinas.com\/wp-content\/uploads\/2024\/03\/peca-4-300x300.png 300w, https:\/\/www.vmfturbinas.com\/wp-content\/uploads\/2024\/03\/peca-4-150x150.png 150w, https:\/\/www.vmfturbinas.com\/wp-content\/uploads\/2024\/03\/peca-4-768x768.png 768w, https:\/\/www.vmfturbinas.com\/wp-content\/uploads\/2024\/03\/peca-4-12x12.png 12w, https:\/\/www.vmfturbinas.com\/wp-content\/uploads\/2024\/03\/peca-4.png 1500w\" sizes=\"(max-width: 620px) 100vw, 620px\" \/>\t\t\t\t\t\t\t\t\t\t\t\t\t\t\t<\/div>\n\t\t\t\t<\/div>\n\t\t\t\t<div class=\"elementor-element elementor-element-affea72 elementor-widget elementor-widget-text-editor\" data-id=\"affea72\" data-element_type=\"widget\" data-widget_type=\"text-editor.default\">\n\t\t\t\t<div class=\"elementor-widget-container\">\n\t\t\t\t\t\t\t\t\t<p>Fuel Nozzle<\/p>\t\t\t\t\t\t\t\t<\/div>\n\t\t\t\t<\/div>\n\t\t\t\t<\/div>\n\t\t\t\t\t<\/div>\n\t\t\t\t<\/div>\n\t\t<div class=\"elementor-element elementor-element-ee02638 e-flex e-con-boxed e-con e-parent\" data-id=\"ee02638\" data-element_type=\"container\">\n\t\t\t\t\t<div class=\"e-con-inner\">\n\t\t<div class=\"elementor-element elementor-element-66a8f33 e-con-full e-flex e-con e-child\" data-id=\"66a8f33\" data-element_type=\"container\">\n\t\t\t\t<div class=\"elementor-element elementor-element-78687d2 e-transform elementor-widget elementor-widget-image\" data-id=\"78687d2\" data-element_type=\"widget\" data-settings=\"{&quot;_transform_rotateZ_effect&quot;:{&quot;unit&quot;:&quot;px&quot;,&quot;size&quot;:2,&quot;sizes&quot;:[]},&quot;_transform_rotateZ_effect_tablet&quot;:{&quot;unit&quot;:&quot;deg&quot;,&quot;size&quot;:&quot;&quot;,&quot;sizes&quot;:[]},&quot;_transform_rotateZ_effect_mobile&quot;:{&quot;unit&quot;:&quot;deg&quot;,&quot;size&quot;:&quot;&quot;,&quot;sizes&quot;:[]}}\" data-widget_type=\"image.default\">\n\t\t\t\t<div class=\"elementor-widget-container\">\n\t\t\t\t\t\t\t\t\t\t\t\t\t\t\t<img loading=\"lazy\" decoding=\"async\" width=\"620\" height=\"620\" src=\"https:\/\/www.vmfturbinas.com\/wp-content\/uploads\/2024\/03\/peca-3-1024x1024.png\" class=\"attachment-large size-large wp-image-954\" alt=\"\" srcset=\"https:\/\/www.vmfturbinas.com\/wp-content\/uploads\/2024\/03\/peca-3-1024x1024.png 1024w, https:\/\/www.vmfturbinas.com\/wp-content\/uploads\/2024\/03\/peca-3-300x300.png 300w, https:\/\/www.vmfturbinas.com\/wp-content\/uploads\/2024\/03\/peca-3-150x150.png 150w, https:\/\/www.vmfturbinas.com\/wp-content\/uploads\/2024\/03\/peca-3-768x768.png 768w, https:\/\/www.vmfturbinas.com\/wp-content\/uploads\/2024\/03\/peca-3-12x12.png 12w, https:\/\/www.vmfturbinas.com\/wp-content\/uploads\/2024\/03\/peca-3.png 1500w\" sizes=\"(max-width: 620px) 100vw, 620px\" \/>\t\t\t\t\t\t\t\t\t\t\t\t\t\t\t<\/div>\n\t\t\t\t<\/div>\n\t\t\t\t<div class=\"elementor-element elementor-element-4cf88f3 elementor-widget elementor-widget-text-editor\" data-id=\"4cf88f3\" data-element_type=\"widget\" data-widget_type=\"text-editor.default\">\n\t\t\t\t<div class=\"elementor-widget-container\">\n\t\t\t\t\t\t\t\t\t<p>Bleed Valve<\/p>\t\t\t\t\t\t\t\t<\/div>\n\t\t\t\t<\/div>\n\t\t\t\t<\/div>\n\t\t<div class=\"elementor-element elementor-element-85e635e e-con-full e-flex e-con e-child\" data-id=\"85e635e\" data-element_type=\"container\">\n\t\t\t\t<div class=\"elementor-element elementor-element-ce1df12 e-transform elementor-widget elementor-widget-image\" data-id=\"ce1df12\" data-element_type=\"widget\" data-settings=\"{&quot;_transform_rotateZ_effect&quot;:{&quot;unit&quot;:&quot;px&quot;,&quot;size&quot;:2,&quot;sizes&quot;:[]},&quot;_transform_rotateZ_effect_tablet&quot;:{&quot;unit&quot;:&quot;deg&quot;,&quot;size&quot;:&quot;&quot;,&quot;sizes&quot;:[]},&quot;_transform_rotateZ_effect_mobile&quot;:{&quot;unit&quot;:&quot;deg&quot;,&quot;size&quot;:&quot;&quot;,&quot;sizes&quot;:[]}}\" data-widget_type=\"image.default\">\n\t\t\t\t<div class=\"elementor-widget-container\">\n\t\t\t\t\t\t\t\t\t\t\t\t\t\t\t<img loading=\"lazy\" decoding=\"async\" width=\"620\" height=\"620\" src=\"https:\/\/www.vmfturbinas.com\/wp-content\/uploads\/2026\/02\/FUEL-PUMP.png\" class=\"attachment-large size-large wp-image-1198\" alt=\"\" srcset=\"https:\/\/www.vmfturbinas.com\/wp-content\/uploads\/2026\/02\/FUEL-PUMP.png 768w, https:\/\/www.vmfturbinas.com\/wp-content\/uploads\/2026\/02\/FUEL-PUMP-300x300.png 300w, https:\/\/www.vmfturbinas.com\/wp-content\/uploads\/2026\/02\/FUEL-PUMP-150x150.png 150w, https:\/\/www.vmfturbinas.com\/wp-content\/uploads\/2026\/02\/FUEL-PUMP-12x12.png 12w\" sizes=\"(max-width: 620px) 100vw, 620px\" \/>\t\t\t\t\t\t\t\t\t\t\t\t\t\t\t<\/div>\n\t\t\t\t<\/div>\n\t\t\t\t<div class=\"elementor-element elementor-element-4cb524c elementor-widget elementor-widget-text-editor\" data-id=\"4cb524c\" data-element_type=\"widget\" data-widget_type=\"text-editor.default\">\n\t\t\t\t<div class=\"elementor-widget-container\">\n\t\t\t\t\t\t\t\t\t<p>FUEL-PUMP<\/p>\t\t\t\t\t\t\t\t<\/div>\n\t\t\t\t<\/div>\n\t\t\t\t<\/div>\n\t\t<div class=\"elementor-element elementor-element-aebed35 e-con-full e-flex e-con e-child\" data-id=\"aebed35\" data-element_type=\"container\">\n\t\t\t\t<div class=\"elementor-element elementor-element-9c33eee e-transform elementor-widget elementor-widget-image\" data-id=\"9c33eee\" data-element_type=\"widget\" data-settings=\"{&quot;_transform_rotateZ_effect&quot;:{&quot;unit&quot;:&quot;px&quot;,&quot;size&quot;:2,&quot;sizes&quot;:[]},&quot;_transform_rotateZ_effect_tablet&quot;:{&quot;unit&quot;:&quot;deg&quot;,&quot;size&quot;:&quot;&quot;,&quot;sizes&quot;:[]},&quot;_transform_rotateZ_effect_mobile&quot;:{&quot;unit&quot;:&quot;deg&quot;,&quot;size&quot;:&quot;&quot;,&quot;sizes&quot;:[]}}\" data-widget_type=\"image.default\">\n\t\t\t\t<div class=\"elementor-widget-container\">\n\t\t\t\t\t\t\t\t\t\t\t\t\t\t\t<img loading=\"lazy\" decoding=\"async\" width=\"620\" height=\"620\" src=\"https:\/\/www.vmfturbinas.com\/wp-content\/uploads\/2026\/02\/FUEL-CONTROL-UNIT-FCU.png\" class=\"attachment-large size-large wp-image-1197\" alt=\"\" srcset=\"https:\/\/www.vmfturbinas.com\/wp-content\/uploads\/2026\/02\/FUEL-CONTROL-UNIT-FCU.png 768w, https:\/\/www.vmfturbinas.com\/wp-content\/uploads\/2026\/02\/FUEL-CONTROL-UNIT-FCU-300x300.png 300w, https:\/\/www.vmfturbinas.com\/wp-content\/uploads\/2026\/02\/FUEL-CONTROL-UNIT-FCU-150x150.png 150w, https:\/\/www.vmfturbinas.com\/wp-content\/uploads\/2026\/02\/FUEL-CONTROL-UNIT-FCU-12x12.png 12w\" sizes=\"(max-width: 620px) 100vw, 620px\" \/>\t\t\t\t\t\t\t\t\t\t\t\t\t\t\t<\/div>\n\t\t\t\t<\/div>\n\t\t\t\t<div class=\"elementor-element elementor-element-761eb1b elementor-widget elementor-widget-text-editor\" data-id=\"761eb1b\" data-element_type=\"widget\" data-widget_type=\"text-editor.default\">\n\t\t\t\t<div class=\"elementor-widget-container\">\n\t\t\t\t\t\t\t\t\t<p>FUEL CONTROL UNIT (FCU)<\/p>\t\t\t\t\t\t\t\t<\/div>\n\t\t\t\t<\/div>\n\t\t\t\t<\/div>\n\t\t\t\t\t<\/div>\n\t\t\t\t<\/div>\n\t\t<div class=\"elementor-element elementor-element-5e993ad e-flex e-con-boxed e-con e-parent\" data-id=\"5e993ad\" data-element_type=\"container\">\n\t\t\t\t\t<div class=\"e-con-inner\">\n\t\t\t\t<div class=\"elementor-element elementor-element-33042d2 elementor-widget elementor-widget-text-editor\" data-id=\"33042d2\" data-element_type=\"widget\" data-widget_type=\"text-editor.default\">\n\t\t\t\t<div class=\"elementor-widget-container\">\n\t\t\t\t\t\t\t\t\t<p>With a large and diversified volume of Kits in our stock, we have the best conditions and deadlines for our services.<\/p>\t\t\t\t\t\t\t\t<\/div>\n\t\t\t\t<\/div>\n\t\t\t\t\t<\/div>\n\t\t\t\t<\/div>\n\t\t\t\t<\/div>","protected":false},"excerpt":{"rendered":"<p>A VMF Turbinas \u00e9 oficina especializada nos servi\u00e7os de inspe\u00e7\u00e3o, reparo e revis\u00e3o geral de acess\u00f3rios de motores PT6A Series, como: Governador de Overspeed Governador de H\u00e9lice Bico Injetor Bleed Valve FUEL-PUMP FUEL CONTROL UNIT (FCU) Com um grande e diversificado volume de Kits em nosso estoque, possu\u00edmos as melhores condi\u00e7\u00f5es e prazos em nossos<a class=\"more-link\" href=\"https:\/\/www.vmfturbinas.com\/en\/revisao-geral-em-acessorios\/\">Continue reading <span class=\"screen-reader-text\">&#8220;Revis\u00e3o Geral em Acess\u00f3rios&#8221;<\/span><\/a><\/p>","protected":false},"author":1,"featured_media":0,"parent":0,"menu_order":0,"comment_status":"closed","ping_status":"closed","template":"","meta":{"footnotes":""},"class_list":["post-771","page","type-page","status-publish","hentry","entry"],"aioseo_notices":[],"_links":{"self":[{"href":"https:\/\/www.vmfturbinas.com\/en\/wp-json\/wp\/v2\/pages\/771","targetHints":{"allow":["GET"]}}],"collection":[{"href":"https:\/\/www.vmfturbinas.com\/en\/wp-json\/wp\/v2\/pages"}],"about":[{"href":"https:\/\/www.vmfturbinas.com\/en\/wp-json\/wp\/v2\/types\/page"}],"author":[{"embeddable":true,"href":"https:\/\/www.vmfturbinas.com\/en\/wp-json\/wp\/v2\/users\/1"}],"replies":[{"embeddable":true,"href":"https:\/\/www.vmfturbinas.com\/en\/wp-json\/wp\/v2\/comments?post=771"}],"version-history":[{"count":43,"href":"https:\/\/www.vmfturbinas.com\/en\/wp-json\/wp\/v2\/pages\/771\/revisions"}],"predecessor-version":[{"id":1202,"href":"https:\/\/www.vmfturbinas.com\/en\/wp-json\/wp\/v2\/pages\/771\/revisions\/1202"}],"wp:attachment":[{"href":"https:\/\/www.vmfturbinas.com\/en\/wp-json\/wp\/v2\/media?parent=771"}],"curies":[{"name":"wp","href":"https:\/\/api.w.org\/{rel}","templated":true}]}}