{"id":769,"date":"2024-02-28T12:11:00","date_gmt":"2024-02-28T15:11:00","guid":{"rendered":"http:\/\/br872.teste.website\/~vmftur82\/wordpress\/?page_id=769"},"modified":"2024-03-29T15:37:52","modified_gmt":"2024-03-29T18:37:52","slug":"na-midia","status":"publish","type":"page","link":"https:\/\/www.vmfturbinas.com\/en\/na-midia\/","title":{"rendered":"Midia"},"content":{"rendered":"<div data-elementor-type=\"wp-page\" data-elementor-id=\"769\" class=\"elementor elementor-769\" data-elementor-post-type=\"page\">\n\t\t\t\t<div class=\"elementor-element elementor-element-2432e84 e-flex e-con-boxed e-con e-parent\" data-id=\"2432e84\" data-element_type=\"container\">\n\t\t\t\t\t<div class=\"e-con-inner\">\n\t\t<div class=\"elementor-element elementor-element-7017cd7 e-con-full e-flex e-con e-child\" data-id=\"7017cd7\" data-element_type=\"container\">\n\t\t\t\t<div class=\"elementor-element elementor-element-ec23aa2 elementor-widget elementor-widget-image\" data-id=\"ec23aa2\" data-element_type=\"widget\" data-widget_type=\"image.default\">\n\t\t\t\t<div class=\"elementor-widget-container\">\n\t\t\t\t\t\t\t\t\t\t\t\t\t\t\t<img fetchpriority=\"high\" decoding=\"async\" width=\"620\" height=\"465\" src=\"https:\/\/www.vmfturbinas.com\/wp-content\/uploads\/2024\/02\/58c72940-98b4-4f61-9fbc-1beaf1471b52-1024x768.jpeg\" class=\"attachment-large size-large wp-image-799\" alt=\"\" srcset=\"https:\/\/www.vmfturbinas.com\/wp-content\/uploads\/2024\/02\/58c72940-98b4-4f61-9fbc-1beaf1471b52-1024x768.jpeg 1024w, https:\/\/www.vmfturbinas.com\/wp-content\/uploads\/2024\/02\/58c72940-98b4-4f61-9fbc-1beaf1471b52-300x225.jpeg 300w, https:\/\/www.vmfturbinas.com\/wp-content\/uploads\/2024\/02\/58c72940-98b4-4f61-9fbc-1beaf1471b52-768x576.jpeg 768w, https:\/\/www.vmfturbinas.com\/wp-content\/uploads\/2024\/02\/58c72940-98b4-4f61-9fbc-1beaf1471b52-16x12.jpeg 16w, https:\/\/www.vmfturbinas.com\/wp-content\/uploads\/2024\/02\/58c72940-98b4-4f61-9fbc-1beaf1471b52.jpeg 1280w\" sizes=\"(max-width: 620px) 100vw, 620px\" \/>\t\t\t\t\t\t\t\t\t\t\t\t\t\t\t<\/div>\n\t\t\t\t<\/div>\n\t\t\t\t<\/div>\n\t\t<div class=\"elementor-element elementor-element-a69931e e-con-full e-flex e-con e-child\" data-id=\"a69931e\" data-element_type=\"container\">\n\t\t\t\t<div class=\"elementor-element elementor-element-4efec83 elementor-widget elementor-widget-heading\" data-id=\"4efec83\" data-element_type=\"widget\" data-widget_type=\"heading.default\">\n\t\t\t\t<div class=\"elementor-widget-container\">\n\t\t\t\t\t<h2 class=\"elementor-heading-title elementor-size-default\">A week full of learning and knowledge exchange.<\/h2>\t\t\t\t<\/div>\n\t\t\t\t<\/div>\n\t\t\t\t<div class=\"elementor-element elementor-element-1bc5c41 elementor-widget elementor-widget-text-editor\" data-id=\"1bc5c41\" data-element_type=\"widget\" data-widget_type=\"text-editor.default\">\n\t\t\t\t<div class=\"elementor-widget-container\">\n\t\t\t\t\t\t\t\t\t<p>Between October 19th and 23rd, we received with great satisfaction the team from Conversiones S.A. from Guatemala, specialists in agricultural aviation in that country. During this period, 07 mechanics dedicated themselves to the training that VMF Turbinas prepared for service in HSI, inspection of injection nozzles and adjustment of PT6A engines on its aircraft.<\/p><p>\u00a0<\/p><p>The event took place at our facilities in Sorocaba and we are very proud to be part of this important moment of training.<\/p>\t\t\t\t\t\t\t\t<\/div>\n\t\t\t\t<\/div>\n\t\t\t\t<\/div>\n\t\t\t\t\t<\/div>\n\t\t\t\t<\/div>\n\t\t<div class=\"elementor-element elementor-element-ffa0cc9 e-flex e-con-boxed e-con e-parent\" data-id=\"ffa0cc9\" data-element_type=\"container\">\n\t\t\t\t\t<div class=\"e-con-inner\">\n\t\t\t\t<div class=\"elementor-element elementor-element-68e68cf elementor-widget elementor-widget-heading\" data-id=\"68e68cf\" data-element_type=\"widget\" data-widget_type=\"heading.default\">\n\t\t\t\t<div class=\"elementor-widget-container\">\n\t\t\t\t\t<h2 class=\"elementor-heading-title elementor-size-default\">VMF Turbinas is always committed to the excellence of its products and services for our agricultural aviation customers.<\/h2>\t\t\t\t<\/div>\n\t\t\t\t<\/div>\n\t\t\t\t<div class=\"elementor-element elementor-element-19e14ee elementor-widget elementor-widget-heading\" data-id=\"19e14ee\" data-element_type=\"widget\" data-widget_type=\"heading.default\">\n\t\t\t\t<div class=\"elementor-widget-container\">\n\t\t\t\t\t<h2 class=\"elementor-heading-title elementor-size-default\">Videos<\/h2>\t\t\t\t<\/div>\n\t\t\t\t<\/div>\n\t\t\t\t\t<\/div>\n\t\t\t\t<\/div>\n\t\t<div class=\"elementor-element elementor-element-4c5d180 e-flex e-con-boxed e-con e-parent\" data-id=\"4c5d180\" data-element_type=\"container\">\n\t\t\t\t\t<div class=\"e-con-inner\">\n\t\t<div class=\"elementor-element elementor-element-3460b22 e-con-full e-flex e-con e-child\" data-id=\"3460b22\" data-element_type=\"container\">\n\t\t\t\t<div class=\"elementor-element elementor-element-3e09a8e elementor-widget elementor-widget-video\" data-id=\"3e09a8e\" data-element_type=\"widget\" data-settings=\"{&quot;video_type&quot;:&quot;hosted&quot;,&quot;loop&quot;:&quot;yes&quot;,&quot;controls&quot;:&quot;yes&quot;}\" data-widget_type=\"video.default\">\n\t\t\t\t<div class=\"elementor-widget-container\">\n\t\t\t\t\t\t\t<div class=\"e-hosted-video elementor-wrapper elementor-open-inline\">\n\t\t\t\t\t<video class=\"elementor-video\" src=\"https:\/\/www.vmfturbinas.com\/wp-content\/uploads\/2024\/02\/WhatsApp-Video-2024-02-28-at-16.31.13.mp4\" loop=\"\" controls=\"\" preload=\"metadata\" controlslist=\"nodownload\"><\/video>\n\t\t\t\t<\/div>\n\t\t\t\t\t\t<\/div>\n\t\t\t\t<\/div>\n\t\t\t\t<\/div>\n\t\t<div class=\"elementor-element elementor-element-eaa52ea e-con-full e-flex e-con e-child\" data-id=\"eaa52ea\" data-element_type=\"container\">\n\t\t\t\t<div class=\"elementor-element elementor-element-a7efb31 elementor-widget elementor-widget-video\" data-id=\"a7efb31\" data-element_type=\"widget\" data-settings=\"{&quot;video_type&quot;:&quot;hosted&quot;,&quot;loop&quot;:&quot;yes&quot;,&quot;controls&quot;:&quot;yes&quot;}\" data-widget_type=\"video.default\">\n\t\t\t\t<div class=\"elementor-widget-container\">\n\t\t\t\t\t\t\t<div class=\"e-hosted-video elementor-wrapper elementor-open-inline\">\n\t\t\t\t\t<video class=\"elementor-video\" src=\"https:\/\/www.vmfturbinas.com\/wp-content\/uploads\/2024\/03\/WhatsApp-Video-2024-03-01-at-11.01.58.mp4\" loop=\"\" controls=\"\" preload=\"metadata\" controlslist=\"nodownload\"><\/video>\n\t\t\t\t<\/div>\n\t\t\t\t\t\t<\/div>\n\t\t\t\t<\/div>\n\t\t\t\t<\/div>\n\t\t\t\t\t<\/div>\n\t\t\t\t<\/div>\n\t\t<div class=\"elementor-element elementor-element-7f62aae e-flex e-con-boxed e-con e-parent\" data-id=\"7f62aae\" data-element_type=\"container\">\n\t\t\t\t\t<div class=\"e-con-inner\">\n\t\t\t\t<div class=\"elementor-element elementor-element-ca27560 elementor-widget elementor-widget-heading\" data-id=\"ca27560\" data-element_type=\"widget\" data-widget_type=\"heading.default\">\n\t\t\t\t<div class=\"elementor-widget-container\">\n\t\t\t\t\t<h2 class=\"elementor-heading-title elementor-size-default\">Gallery<\/h2>\t\t\t\t<\/div>\n\t\t\t\t<\/div>\n\t\t\t\t\t<\/div>\n\t\t\t\t<\/div>\n\t\t<div class=\"elementor-element elementor-element-55a02c5 e-flex e-con-boxed e-con e-parent\" data-id=\"55a02c5\" data-element_type=\"container\">\n\t\t\t\t\t<div class=\"e-con-inner\">\n\t\t\t\t<div class=\"elementor-element elementor-element-18ddb37 elementor-widget elementor-widget-gallery\" data-id=\"18ddb37\" data-element_type=\"widget\" data-settings=\"{&quot;gallery_layout&quot;:&quot;masonry&quot;,&quot;columns_tablet&quot;:3,&quot;columns_mobile&quot;:2,&quot;lazyload&quot;:&quot;yes&quot;,&quot;columns&quot;:4,&quot;gap&quot;:{&quot;unit&quot;:&quot;px&quot;,&quot;size&quot;:10,&quot;sizes&quot;:[]},&quot;gap_tablet&quot;:{&quot;unit&quot;:&quot;px&quot;,&quot;size&quot;:10,&quot;sizes&quot;:[]},&quot;gap_mobile&quot;:{&quot;unit&quot;:&quot;px&quot;,&quot;size&quot;:10,&quot;sizes&quot;:[]},&quot;link_to&quot;:&quot;file&quot;,&quot;overlay_background&quot;:&quot;yes&quot;,&quot;content_hover_animation&quot;:&quot;fade-in&quot;}\" data-widget_type=\"gallery.default\">\n\t\t\t\t<div class=\"elementor-widget-container\">\n\t\t\t\t\t\t\t<div class=\"elementor-gallery__container\">\n\t\t\t\t\t\t\t<a class=\"e-gallery-item elementor-gallery-item elementor-animated-content\" href=\"https:\/\/www.vmfturbinas.com\/wp-content\/uploads\/2024\/03\/6c5b0b58-97b4-4d23-adfe-5af0ab21b8c7.jpeg\" data-elementor-open-lightbox=\"yes\" data-elementor-lightbox-slideshow=\"18ddb37\" data-elementor-lightbox-title=\"6c5b0b58-97b4-4d23-adfe-5af0ab21b8c7\" data-e-action-hash=\"#elementor-action%3Aaction%3Dlightbox%26settings%3DeyJpZCI6ODI1LCJ1cmwiOiJodHRwczpcL1wvd3d3LnZtZnR1cmJpbmFzLmNvbVwvd3AtY29udGVudFwvdXBsb2Fkc1wvMjAyNFwvMDNcLzZjNWIwYjU4LTk3YjQtNGQyMy1hZGZlLTVhZjBhYjIxYjhjNy5qcGVnIiwic2xpZGVzaG93IjoiMThkZGIzNyJ9\">\n\t\t\t\t\t<div class=\"e-gallery-image elementor-gallery-item__image\" data-thumbnail=\"https:\/\/www.vmfturbinas.com\/wp-content\/uploads\/2024\/03\/6c5b0b58-97b4-4d23-adfe-5af0ab21b8c7.jpeg\" data-width=\"438\" data-height=\"587\" aria-label=\"\" role=\"img\" ><\/div>\n\t\t\t\t\t\t\t\t\t\t\t<div class=\"elementor-gallery-item__overlay\"><\/div>\n\t\t\t\t\t\t\t\t\t\t\t\t\t\t<\/a>\n\t\t\t\t\t\t\t<a class=\"e-gallery-item elementor-gallery-item elementor-animated-content\" href=\"https:\/\/www.vmfturbinas.com\/wp-content\/uploads\/2024\/03\/6e73a4fd-d8a5-445c-bfa3-f9cf54137e2b.jpeg\" data-elementor-open-lightbox=\"yes\" data-elementor-lightbox-slideshow=\"18ddb37\" data-elementor-lightbox-title=\"6e73a4fd-d8a5-445c-bfa3-f9cf54137e2b\" data-e-action-hash=\"#elementor-action%3Aaction%3Dlightbox%26settings%3DeyJpZCI6ODI2LCJ1cmwiOiJodHRwczpcL1wvd3d3LnZtZnR1cmJpbmFzLmNvbVwvd3AtY29udGVudFwvdXBsb2Fkc1wvMjAyNFwvMDNcLzZlNzNhNGZkLWQ4YTUtNDQ1Yy1iZmEzLWY5Y2Y1NDEzN2UyYi5qcGVnIiwic2xpZGVzaG93IjoiMThkZGIzNyJ9\">\n\t\t\t\t\t<div class=\"e-gallery-image elementor-gallery-item__image\" data-thumbnail=\"https:\/\/www.vmfturbinas.com\/wp-content\/uploads\/2024\/03\/6e73a4fd-d8a5-445c-bfa3-f9cf54137e2b.jpeg\" data-width=\"590\" data-height=\"780\" aria-label=\"\" role=\"img\" ><\/div>\n\t\t\t\t\t\t\t\t\t\t\t<div class=\"elementor-gallery-item__overlay\"><\/div>\n\t\t\t\t\t\t\t\t\t\t\t\t\t\t<\/a>\n\t\t\t\t\t\t\t<a class=\"e-gallery-item elementor-gallery-item elementor-animated-content\" href=\"https:\/\/www.vmfturbinas.com\/wp-content\/uploads\/2024\/03\/09ce2bbc-380c-4d65-b0ae-ba179e7de53d.jpeg\" data-elementor-open-lightbox=\"yes\" data-elementor-lightbox-slideshow=\"18ddb37\" data-elementor-lightbox-title=\"09ce2bbc-380c-4d65-b0ae-ba179e7de53d\" data-e-action-hash=\"#elementor-action%3Aaction%3Dlightbox%26settings%3DeyJpZCI6ODI3LCJ1cmwiOiJodHRwczpcL1wvd3d3LnZtZnR1cmJpbmFzLmNvbVwvd3AtY29udGVudFwvdXBsb2Fkc1wvMjAyNFwvMDNcLzA5Y2UyYmJjLTM4MGMtNGQ2NS1iMGFlLWJhMTc5ZTdkZTUzZC5qcGVnIiwic2xpZGVzaG93IjoiMThkZGIzNyJ9\">\n\t\t\t\t\t<div class=\"e-gallery-image elementor-gallery-item__image\" data-thumbnail=\"https:\/\/www.vmfturbinas.com\/wp-content\/uploads\/2024\/03\/09ce2bbc-380c-4d65-b0ae-ba179e7de53d.jpeg\" data-width=\"1007\" data-height=\"508\" aria-label=\"\" role=\"img\" ><\/div>\n\t\t\t\t\t\t\t\t\t\t\t<div class=\"elementor-gallery-item__overlay\"><\/div>\n\t\t\t\t\t\t\t\t\t\t\t\t\t\t<\/a>\n\t\t\t\t\t\t\t<a class=\"e-gallery-item elementor-gallery-item elementor-animated-content\" href=\"https:\/\/www.vmfturbinas.com\/wp-content\/uploads\/2024\/03\/58d14b75-5066-4ac2-a687-9038a58dd017.jpeg\" data-elementor-open-lightbox=\"yes\" data-elementor-lightbox-slideshow=\"18ddb37\" data-elementor-lightbox-title=\"58d14b75-5066-4ac2-a687-9038a58dd017\" data-e-action-hash=\"#elementor-action%3Aaction%3Dlightbox%26settings%3DeyJpZCI6ODI4LCJ1cmwiOiJodHRwczpcL1wvd3d3LnZtZnR1cmJpbmFzLmNvbVwvd3AtY29udGVudFwvdXBsb2Fkc1wvMjAyNFwvMDNcLzU4ZDE0Yjc1LTUwNjYtNGFjMi1hNjg3LTkwMzhhNThkZDAxNy5qcGVnIiwic2xpZGVzaG93IjoiMThkZGIzNyJ9\">\n\t\t\t\t\t<div class=\"e-gallery-image elementor-gallery-item__image\" data-thumbnail=\"https:\/\/www.vmfturbinas.com\/wp-content\/uploads\/2024\/03\/58d14b75-5066-4ac2-a687-9038a58dd017.jpeg\" data-width=\"543\" data-height=\"718\" aria-label=\"\" role=\"img\" ><\/div>\n\t\t\t\t\t\t\t\t\t\t\t<div class=\"elementor-gallery-item__overlay\"><\/div>\n\t\t\t\t\t\t\t\t\t\t\t\t\t\t<\/a>\n\t\t\t\t\t\t\t<a class=\"e-gallery-item elementor-gallery-item elementor-animated-content\" href=\"https:\/\/www.vmfturbinas.com\/wp-content\/uploads\/2024\/03\/84aec511-d92a-4579-a3fe-366140c43a8f.jpeg\" data-elementor-open-lightbox=\"yes\" data-elementor-lightbox-slideshow=\"18ddb37\" data-elementor-lightbox-title=\"84aec511-d92a-4579-a3fe-366140c43a8f\" data-e-action-hash=\"#elementor-action%3Aaction%3Dlightbox%26settings%3DeyJpZCI6ODI5LCJ1cmwiOiJodHRwczpcL1wvd3d3LnZtZnR1cmJpbmFzLmNvbVwvd3AtY29udGVudFwvdXBsb2Fkc1wvMjAyNFwvMDNcLzg0YWVjNTExLWQ5MmEtNDU3OS1hM2ZlLTM2NjE0MGM0M2E4Zi5qcGVnIiwic2xpZGVzaG93IjoiMThkZGIzNyJ9\">\n\t\t\t\t\t<div class=\"e-gallery-image elementor-gallery-item__image\" data-thumbnail=\"https:\/\/www.vmfturbinas.com\/wp-content\/uploads\/2024\/03\/84aec511-d92a-4579-a3fe-366140c43a8f.jpeg\" data-width=\"803\" data-height=\"1059\" aria-label=\"\" role=\"img\" ><\/div>\n\t\t\t\t\t\t\t\t\t\t\t<div class=\"elementor-gallery-item__overlay\"><\/div>\n\t\t\t\t\t\t\t\t\t\t\t\t\t\t<\/a>\n\t\t\t\t\t\t\t<a class=\"e-gallery-item elementor-gallery-item elementor-animated-content\" href=\"https:\/\/www.vmfturbinas.com\/wp-content\/uploads\/2024\/03\/86ce43b3-5aff-41d1-9848-cc148cdb13a7.jpeg\" data-elementor-open-lightbox=\"yes\" data-elementor-lightbox-slideshow=\"18ddb37\" data-elementor-lightbox-title=\"86ce43b3-5aff-41d1-9848-cc148cdb13a7\" data-e-action-hash=\"#elementor-action%3Aaction%3Dlightbox%26settings%3DeyJpZCI6ODMwLCJ1cmwiOiJodHRwczpcL1wvd3d3LnZtZnR1cmJpbmFzLmNvbVwvd3AtY29udGVudFwvdXBsb2Fkc1wvMjAyNFwvMDNcLzg2Y2U0M2IzLTVhZmYtNDFkMS05ODQ4LWNjMTQ4Y2RiMTNhNy5qcGVnIiwic2xpZGVzaG93IjoiMThkZGIzNyJ9\">\n\t\t\t\t\t<div class=\"e-gallery-image elementor-gallery-item__image\" data-thumbnail=\"https:\/\/www.vmfturbinas.com\/wp-content\/uploads\/2024\/03\/86ce43b3-5aff-41d1-9848-cc148cdb13a7.jpeg\" data-width=\"722\" data-height=\"951\" aria-label=\"\" role=\"img\" ><\/div>\n\t\t\t\t\t\t\t\t\t\t\t<div class=\"elementor-gallery-item__overlay\"><\/div>\n\t\t\t\t\t\t\t\t\t\t\t\t\t\t<\/a>\n\t\t\t\t\t\t\t<a class=\"e-gallery-item elementor-gallery-item elementor-animated-content\" href=\"https:\/\/www.vmfturbinas.com\/wp-content\/uploads\/2024\/03\/b2a4e1f0-cc13-4049-8a6a-e6b84f2b7ebc.jpeg\" data-elementor-open-lightbox=\"yes\" data-elementor-lightbox-slideshow=\"18ddb37\" data-elementor-lightbox-title=\"b2a4e1f0-cc13-4049-8a6a-e6b84f2b7ebc\" data-e-action-hash=\"#elementor-action%3Aaction%3Dlightbox%26settings%3DeyJpZCI6ODMxLCJ1cmwiOiJodHRwczpcL1wvd3d3LnZtZnR1cmJpbmFzLmNvbVwvd3AtY29udGVudFwvdXBsb2Fkc1wvMjAyNFwvMDNcL2IyYTRlMWYwLWNjMTMtNDA0OS04YTZhLWU2Yjg0ZjJiN2ViYy5qcGVnIiwic2xpZGVzaG93IjoiMThkZGIzNyJ9\">\n\t\t\t\t\t<div class=\"e-gallery-image elementor-gallery-item__image\" data-thumbnail=\"https:\/\/www.vmfturbinas.com\/wp-content\/uploads\/2024\/03\/b2a4e1f0-cc13-4049-8a6a-e6b84f2b7ebc.jpeg\" data-width=\"787\" data-height=\"1041\" aria-label=\"\" role=\"img\" ><\/div>\n\t\t\t\t\t\t\t\t\t\t\t<div class=\"elementor-gallery-item__overlay\"><\/div>\n\t\t\t\t\t\t\t\t\t\t\t\t\t\t<\/a>\n\t\t\t\t\t\t\t<a class=\"e-gallery-item elementor-gallery-item elementor-animated-content\" href=\"https:\/\/www.vmfturbinas.com\/wp-content\/uploads\/2024\/03\/d244d5bd-529f-47cc-b6c4-6b7f8647ac28.jpeg\" data-elementor-open-lightbox=\"yes\" data-elementor-lightbox-slideshow=\"18ddb37\" data-elementor-lightbox-title=\"d244d5bd-529f-47cc-b6c4-6b7f8647ac28\" data-e-action-hash=\"#elementor-action%3Aaction%3Dlightbox%26settings%3DeyJpZCI6ODMyLCJ1cmwiOiJodHRwczpcL1wvd3d3LnZtZnR1cmJpbmFzLmNvbVwvd3AtY29udGVudFwvdXBsb2Fkc1wvMjAyNFwvMDNcL2QyNDRkNWJkLTUyOWYtNDdjYy1iNmM0LTZiN2Y4NjQ3YWMyOC5qcGVnIiwic2xpZGVzaG93IjoiMThkZGIzNyJ9\">\n\t\t\t\t\t<div class=\"e-gallery-image elementor-gallery-item__image\" data-thumbnail=\"https:\/\/www.vmfturbinas.com\/wp-content\/uploads\/2024\/03\/d244d5bd-529f-47cc-b6c4-6b7f8647ac28.jpeg\" data-width=\"546\" data-height=\"721\" aria-label=\"\" role=\"img\" ><\/div>\n\t\t\t\t\t\t\t\t\t\t\t<div class=\"elementor-gallery-item__overlay\"><\/div>\n\t\t\t\t\t\t\t\t\t\t\t\t\t\t<\/a>\n\t\t\t\t\t\t\t<a class=\"e-gallery-item elementor-gallery-item elementor-animated-content\" href=\"https:\/\/www.vmfturbinas.com\/wp-content\/uploads\/2024\/03\/eaa4533a-d6e8-42a2-b7d1-d09678becca4.jpeg\" data-elementor-open-lightbox=\"yes\" data-elementor-lightbox-slideshow=\"18ddb37\" data-elementor-lightbox-title=\"eaa4533a-d6e8-42a2-b7d1-d09678becca4\" data-e-action-hash=\"#elementor-action%3Aaction%3Dlightbox%26settings%3DeyJpZCI6ODMzLCJ1cmwiOiJodHRwczpcL1wvd3d3LnZtZnR1cmJpbmFzLmNvbVwvd3AtY29udGVudFwvdXBsb2Fkc1wvMjAyNFwvMDNcL2VhYTQ1MzNhLWQ2ZTgtNDJhMi1iN2QxLWQwOTY3OGJlY2NhNC5qcGVnIiwic2xpZGVzaG93IjoiMThkZGIzNyJ9\">\n\t\t\t\t\t<div class=\"e-gallery-image elementor-gallery-item__image\" data-thumbnail=\"https:\/\/www.vmfturbinas.com\/wp-content\/uploads\/2024\/03\/eaa4533a-d6e8-42a2-b7d1-d09678becca4.jpeg\" data-width=\"894\" data-height=\"382\" aria-label=\"\" role=\"img\" ><\/div>\n\t\t\t\t\t\t\t\t\t\t\t<div class=\"elementor-gallery-item__overlay\"><\/div>\n\t\t\t\t\t\t\t\t\t\t\t\t\t\t<\/a>\n\t\t\t\t\t\t\t<a class=\"e-gallery-item elementor-gallery-item elementor-animated-content\" href=\"https:\/\/www.vmfturbinas.com\/wp-content\/uploads\/2024\/03\/f7d3362a-663b-447b-8ae0-91dfd51dcc0d.jpeg\" data-elementor-open-lightbox=\"yes\" data-elementor-lightbox-slideshow=\"18ddb37\" data-elementor-lightbox-title=\"f7d3362a-663b-447b-8ae0-91dfd51dcc0d\" data-e-action-hash=\"#elementor-action%3Aaction%3Dlightbox%26settings%3DeyJpZCI6ODM0LCJ1cmwiOiJodHRwczpcL1wvd3d3LnZtZnR1cmJpbmFzLmNvbVwvd3AtY29udGVudFwvdXBsb2Fkc1wvMjAyNFwvMDNcL2Y3ZDMzNjJhLTY2M2ItNDQ3Yi04YWUwLTkxZGZkNTFkY2MwZC5qcGVnIiwic2xpZGVzaG93IjoiMThkZGIzNyJ9\">\n\t\t\t\t\t<div class=\"e-gallery-image elementor-gallery-item__image\" data-thumbnail=\"https:\/\/www.vmfturbinas.com\/wp-content\/uploads\/2024\/03\/f7d3362a-663b-447b-8ae0-91dfd51dcc0d.jpeg\" data-width=\"551\" data-height=\"732\" aria-label=\"\" role=\"img\" ><\/div>\n\t\t\t\t\t\t\t\t\t\t\t<div class=\"elementor-gallery-item__overlay\"><\/div>\n\t\t\t\t\t\t\t\t\t\t\t\t\t\t<\/a>\n\t\t\t\t\t<\/div>\n\t\t\t\t\t<\/div>\n\t\t\t\t<\/div>\n\t\t\t\t\t<\/div>\n\t\t\t\t<\/div>\n\t\t\t\t<\/div>","protected":false},"excerpt":{"rendered":"<p>Uma semana repleta de aprendizado e troca de conhecimento. Entre 19 a 23 de Outubro, recebemos com grande satisfa\u00e7\u00e3o a equipe da Conversiones S.A. da Guatemala, especialistas em avia\u00e7\u00e3o agr\u00edcola naquele pa\u00eds.\u00a0Durante esse per\u00edodo, 07 mec\u00e2nicos se dedicaram ao treinamento que a VMF Turbinas preparou para servi\u00e7o em HSI, inspe\u00e7\u00e3o em bicos injetores e regulagem<a class=\"more-link\" href=\"https:\/\/www.vmfturbinas.com\/en\/na-midia\/\">Continue reading <span class=\"screen-reader-text\">&#8220;Na M\u00eddia&#8221;<\/span><\/a><\/p>","protected":false},"author":1,"featured_media":0,"parent":0,"menu_order":0,"comment_status":"closed","ping_status":"closed","template":"","meta":{"footnotes":""},"class_list":["post-769","page","type-page","status-publish","hentry","entry"],"aioseo_notices":[],"_links":{"self":[{"href":"https:\/\/www.vmfturbinas.com\/en\/wp-json\/wp\/v2\/pages\/769","targetHints":{"allow":["GET"]}}],"collection":[{"href":"https:\/\/www.vmfturbinas.com\/en\/wp-json\/wp\/v2\/pages"}],"about":[{"href":"https:\/\/www.vmfturbinas.com\/en\/wp-json\/wp\/v2\/types\/page"}],"author":[{"embeddable":true,"href":"https:\/\/www.vmfturbinas.com\/en\/wp-json\/wp\/v2\/users\/1"}],"replies":[{"embeddable":true,"href":"https:\/\/www.vmfturbinas.com\/en\/wp-json\/wp\/v2\/comments?post=769"}],"version-history":[{"count":61,"href":"https:\/\/www.vmfturbinas.com\/en\/wp-json\/wp\/v2\/pages\/769\/revisions"}],"predecessor-version":[{"id":1177,"href":"https:\/\/www.vmfturbinas.com\/en\/wp-json\/wp\/v2\/pages\/769\/revisions\/1177"}],"wp:attachment":[{"href":"https:\/\/www.vmfturbinas.com\/en\/wp-json\/wp\/v2\/media?parent=769"}],"curies":[{"name":"wp","href":"https:\/\/api.w.org\/{rel}","templated":true}]}}