{"id":507,"date":"2024-02-27T15:02:26","date_gmt":"2024-02-27T18:02:26","guid":{"rendered":"http:\/\/br872.teste.website\/~vmftur82\/wordpress\/?page_id=507"},"modified":"2024-03-10T00:41:37","modified_gmt":"2024-03-10T03:41:37","slug":"nossa-historia","status":"publish","type":"page","link":"https:\/\/www.vmfturbinas.com\/en\/nossa-historia\/","title":{"rendered":"Our Story"},"content":{"rendered":"<div data-elementor-type=\"wp-page\" data-elementor-id=\"507\" class=\"elementor elementor-507\" data-elementor-post-type=\"page\">\n\t\t\t\t<div class=\"elementor-element elementor-element-fcee1f6 e-flex e-con-boxed e-con e-parent\" data-id=\"fcee1f6\" data-element_type=\"container\">\n\t\t\t\t\t<div class=\"e-con-inner\">\n\t\t\t\t<div class=\"elementor-element elementor-element-d0c9d51 elementor-widget elementor-widget-text-editor\" data-id=\"d0c9d51\" data-element_type=\"widget\" data-widget_type=\"text-editor.default\">\n\t\t\t\t<div class=\"elementor-widget-container\">\n\t\t\t\t\t\t\t\t\t<p>The company was born 10 years ago, from the combination of ideas from an investor in the software market and an aviation professional in the area of aeronautical engine maintenance.<\/p><p>\u00a0<\/p><p>\u00a0<\/p><p>Our concept, to build our image, is based on the principle that the market needed companies that could propose service solutions associated with the supply of parts, components and engines quickly and effectively with the aim of reducing waste to the shortest possible time aircraft stop.<\/p>\t\t\t\t\t\t\t\t<\/div>\n\t\t\t\t<\/div>\n\t\t\t\t\t<\/div>\n\t\t\t\t<\/div>\n\t\t\t\t<\/div>","protected":false},"excerpt":{"rendered":"<p>A empresa nasceu ha 10 anos, a partir da jun\u00e7\u00e3o das ideias de um investidor do mercado de softwares e um profissional da avia\u00e7\u00e3o na \u00e1rea de manuten\u00e7\u00e3o em motores aeron\u00e1uticos. \u00a0 \u00a0 Nosso conceito, para constru\u00e7\u00e3o da nossa imagem, parte de um princ\u00edpio de que o mercado precisava de empresas que pudessem propor solu\u00e7\u00f5es<a class=\"more-link\" href=\"https:\/\/www.vmfturbinas.com\/en\/nossa-historia\/\">Continue reading <span class=\"screen-reader-text\">&#8220;Nossa Hist\u00f3ria&#8221;<\/span><\/a><\/p>","protected":false},"author":1,"featured_media":0,"parent":0,"menu_order":0,"comment_status":"closed","ping_status":"closed","template":"","meta":{"footnotes":""},"class_list":["post-507","page","type-page","status-publish","hentry","entry"],"aioseo_notices":[],"_links":{"self":[{"href":"https:\/\/www.vmfturbinas.com\/en\/wp-json\/wp\/v2\/pages\/507","targetHints":{"allow":["GET"]}}],"collection":[{"href":"https:\/\/www.vmfturbinas.com\/en\/wp-json\/wp\/v2\/pages"}],"about":[{"href":"https:\/\/www.vmfturbinas.com\/en\/wp-json\/wp\/v2\/types\/page"}],"author":[{"embeddable":true,"href":"https:\/\/www.vmfturbinas.com\/en\/wp-json\/wp\/v2\/users\/1"}],"replies":[{"embeddable":true,"href":"https:\/\/www.vmfturbinas.com\/en\/wp-json\/wp\/v2\/comments?post=507"}],"version-history":[{"count":53,"href":"https:\/\/www.vmfturbinas.com\/en\/wp-json\/wp\/v2\/pages\/507\/revisions"}],"predecessor-version":[{"id":1041,"href":"https:\/\/www.vmfturbinas.com\/en\/wp-json\/wp\/v2\/pages\/507\/revisions\/1041"}],"wp:attachment":[{"href":"https:\/\/www.vmfturbinas.com\/en\/wp-json\/wp\/v2\/media?parent=507"}],"curies":[{"name":"wp","href":"https:\/\/api.w.org\/{rel}","templated":true}]}}