{"id":19,"date":"2024-02-23T17:27:06","date_gmt":"2024-02-23T20:27:06","guid":{"rendered":"http:\/\/br872.teste.website\/~vmftur82\/wordpress\/?page_id=19"},"modified":"2024-03-10T14:50:50","modified_gmt":"2024-03-10T17:50:50","slug":"hsi-em-motores-pt6a","status":"publish","type":"page","link":"https:\/\/www.vmfturbinas.com\/en\/hsi-em-motores-pt6a\/","title":{"rendered":"HSI on PT6A engines"},"content":{"rendered":"<div data-elementor-type=\"wp-page\" data-elementor-id=\"19\" class=\"elementor elementor-19\" data-elementor-post-type=\"page\">\n\t\t\t\t<div class=\"elementor-element elementor-element-a46723e e-flex e-con-boxed e-con e-parent\" data-id=\"a46723e\" data-element_type=\"container\">\n\t\t\t\t\t<div class=\"e-con-inner\">\n\t\t<div class=\"elementor-element elementor-element-6964d9d e-con-full e-flex e-con e-child\" data-id=\"6964d9d\" data-element_type=\"container\">\n\t\t\t\t<div class=\"elementor-element elementor-element-a05f4ea elementor-widget elementor-widget-text-editor\" data-id=\"a05f4ea\" data-element_type=\"widget\" data-widget_type=\"text-editor.default\">\n\t\t\t\t<div class=\"elementor-widget-container\">\n\t\t\t\t\t\t\t\t\t<p>VMF Turbinas, a company approved by ANAC under registration COM 1803-41\/ANAC, now offers its customers the hot section inspection service (HSI \u2013 Hot Section Inspection) on PT6A engines. We have a specialized team with over 30 years of experience in serving operators, both at their base and in the field, that is, wherever the aircraft is.<\/p>\t\t\t\t\t\t\t\t<\/div>\n\t\t\t\t<\/div>\n\t\t\t\t<\/div>\n\t\t<div class=\"elementor-element elementor-element-bb172be e-con-full e-flex e-con e-child\" data-id=\"bb172be\" data-element_type=\"container\">\n\t\t\t\t<div class=\"elementor-element elementor-element-21dc5fd elementor-widget elementor-widget-image\" data-id=\"21dc5fd\" data-element_type=\"widget\" data-widget_type=\"image.default\">\n\t\t\t\t<div class=\"elementor-widget-container\">\n\t\t\t\t\t\t\t\t\t\t\t\t\t\t\t<img fetchpriority=\"high\" decoding=\"async\" width=\"620\" height=\"507\" src=\"https:\/\/www.vmfturbinas.com\/wp-content\/uploads\/2024\/03\/PECA-ESPIRAL.png\" class=\"attachment-large size-large wp-image-992\" alt=\"\" srcset=\"https:\/\/www.vmfturbinas.com\/wp-content\/uploads\/2024\/03\/PECA-ESPIRAL.png 800w, https:\/\/www.vmfturbinas.com\/wp-content\/uploads\/2024\/03\/PECA-ESPIRAL-300x245.png 300w, https:\/\/www.vmfturbinas.com\/wp-content\/uploads\/2024\/03\/PECA-ESPIRAL-768x628.png 768w, https:\/\/www.vmfturbinas.com\/wp-content\/uploads\/2024\/03\/PECA-ESPIRAL-15x12.png 15w\" sizes=\"(max-width: 620px) 100vw, 620px\" \/>\t\t\t\t\t\t\t\t\t\t\t\t\t\t\t<\/div>\n\t\t\t\t<\/div>\n\t\t\t\t<\/div>\n\t\t\t\t\t<\/div>\n\t\t\t\t<\/div>\n\t\t<div class=\"elementor-element elementor-element-d9fc273 e-flex e-con-boxed e-con e-parent\" data-id=\"d9fc273\" data-element_type=\"container\">\n\t\t\t\t\t<div class=\"e-con-inner\">\n\t\t\t\t<div class=\"elementor-element elementor-element-6cee5bc elementor-widget elementor-widget-heading\" data-id=\"6cee5bc\" data-element_type=\"widget\" data-widget_type=\"heading.default\">\n\t\t\t\t<div class=\"elementor-widget-container\">\n\t\t\t\t\t<h2 class=\"elementor-heading-title elementor-size-default\">We act quickly, qualifiedly, safely and at low costs!<\/h2>\t\t\t\t<\/div>\n\t\t\t\t<\/div>\n\t\t\t\t<div class=\"elementor-element elementor-element-69cc0b1 elementor-widget elementor-widget-text-editor\" data-id=\"69cc0b1\" data-element_type=\"widget\" data-widget_type=\"text-editor.default\">\n\t\t\t\t<div class=\"elementor-widget-container\">\n\t\t\t\t\t\t\t\t\t<p>\u00a0We combine our expertise in service combined with the supply of parts at reduced prices and immediate delivery.<\/p>\t\t\t\t\t\t\t\t<\/div>\n\t\t\t\t<\/div>\n\t\t\t\t<div class=\"elementor-element elementor-element-783e979 elementor-widget elementor-widget-heading\" data-id=\"783e979\" data-element_type=\"widget\" data-widget_type=\"heading.default\">\n\t\t\t\t<div class=\"elementor-widget-container\">\n\t\t\t\t\t<h2 class=\"elementor-heading-title elementor-size-default\">Call VMF Turbinas<\/h2>\t\t\t\t<\/div>\n\t\t\t\t<\/div>\n\t\t\t\t<div class=\"elementor-element elementor-element-c5bc43e elementor-widget elementor-widget-heading\" data-id=\"c5bc43e\" data-element_type=\"widget\" data-widget_type=\"heading.default\">\n\t\t\t\t<div class=\"elementor-widget-container\">\n\t\t\t\t\t<h2 class=\"elementor-heading-title elementor-size-default\">comercial@vmfturbinas.com<\/h2>\t\t\t\t<\/div>\n\t\t\t\t<\/div>\n\t\t\t\t\t<\/div>\n\t\t\t\t<\/div>\n\t\t\t\t<\/div>","protected":false},"excerpt":{"rendered":"<p>A VMF Turbinas, empresa homologada pela ANAC sob registro COM 1803-41\/ANAC passa a oferecer aos seus clientes o servi\u00e7o de inspe\u00e7\u00e3o em se\u00e7\u00e3o quente (HSI &#8211; Hot Section Inspection) em motores PT6A.\u00a0Contamos com uma equipe especializada com experi\u00eancia superior a 30 anos na atua\u00e7\u00e3o em atendimento a operadores, tanto em sua base, como tamb\u00e9m em<a class=\"more-link\" href=\"https:\/\/www.vmfturbinas.com\/en\/hsi-em-motores-pt6a\/\">Continue reading <span class=\"screen-reader-text\">&#8220;HSI em motores PT6A&#8221;<\/span><\/a><\/p>","protected":false},"author":1,"featured_media":0,"parent":0,"menu_order":0,"comment_status":"closed","ping_status":"closed","template":"","meta":{"footnotes":""},"class_list":["post-19","page","type-page","status-publish","hentry","entry"],"aioseo_notices":[],"_links":{"self":[{"href":"https:\/\/www.vmfturbinas.com\/en\/wp-json\/wp\/v2\/pages\/19","targetHints":{"allow":["GET"]}}],"collection":[{"href":"https:\/\/www.vmfturbinas.com\/en\/wp-json\/wp\/v2\/pages"}],"about":[{"href":"https:\/\/www.vmfturbinas.com\/en\/wp-json\/wp\/v2\/types\/page"}],"author":[{"embeddable":true,"href":"https:\/\/www.vmfturbinas.com\/en\/wp-json\/wp\/v2\/users\/1"}],"replies":[{"embeddable":true,"href":"https:\/\/www.vmfturbinas.com\/en\/wp-json\/wp\/v2\/comments?post=19"}],"version-history":[{"count":28,"href":"https:\/\/www.vmfturbinas.com\/en\/wp-json\/wp\/v2\/pages\/19\/revisions"}],"predecessor-version":[{"id":1086,"href":"https:\/\/www.vmfturbinas.com\/en\/wp-json\/wp\/v2\/pages\/19\/revisions\/1086"}],"wp:attachment":[{"href":"https:\/\/www.vmfturbinas.com\/en\/wp-json\/wp\/v2\/media?parent=19"}],"curies":[{"name":"wp","href":"https:\/\/api.w.org\/{rel}","templated":true}]}}