{"id":15,"date":"2024-02-23T17:26:09","date_gmt":"2024-02-23T20:26:09","guid":{"rendered":"http:\/\/br872.teste.website\/~vmftur82\/wordpress\/?page_id=15"},"modified":"2024-03-11T17:18:14","modified_gmt":"2024-03-11T20:18:14","slug":"partes-e-pecas-de-avioes","status":"publish","type":"page","link":"https:\/\/www.vmfturbinas.com\/en\/partes-e-pecas-de-avioes\/","title":{"rendered":"Airplane Parts And Components"},"content":{"rendered":"<div data-elementor-type=\"wp-page\" data-elementor-id=\"15\" class=\"elementor elementor-15\" data-elementor-post-type=\"page\">\n\t\t\t\t<div class=\"elementor-element elementor-element-b8a26c4 e-flex e-con-boxed e-con e-parent\" data-id=\"b8a26c4\" data-element_type=\"container\">\n\t\t\t\t\t<div class=\"e-con-inner\">\n\t\t<div class=\"elementor-element elementor-element-7177900 e-flex e-con-boxed e-con e-child\" data-id=\"7177900\" data-element_type=\"container\">\n\t\t\t\t\t<div class=\"e-con-inner\">\n\t\t<div class=\"elementor-element elementor-element-7a00f0a e-con-full e-flex e-con e-child\" data-id=\"7a00f0a\" data-element_type=\"container\">\n\t\t\t\t<div class=\"elementor-element elementor-element-38a6cc6 elementor-widget elementor-widget-text-editor\" data-id=\"38a6cc6\" data-element_type=\"widget\" data-widget_type=\"text-editor.default\">\n\t\t\t\t<div class=\"elementor-widget-container\">\n\t\t\t\t\t\t\t\t\t<p>Entre em contato com nossos especialistas e fa\u00e7a uma consulta sobre partes e pe\u00e7as de avi\u00f5es.<\/p>\t\t\t\t\t\t\t\t<\/div>\n\t\t\t\t<\/div>\n\t\t\t\t<\/div>\n\t\t<div class=\"elementor-element elementor-element-5098f2d e-con-full e-flex e-con e-child\" data-id=\"5098f2d\" data-element_type=\"container\">\n\t\t\t\t<div class=\"elementor-element elementor-element-d9b4151 elementor-widget elementor-widget-image\" data-id=\"d9b4151\" data-element_type=\"widget\" data-widget_type=\"image.default\">\n\t\t\t\t<div class=\"elementor-widget-container\">\n\t\t\t\t\t\t\t\t\t\t\t\t\t\t\t<img fetchpriority=\"high\" decoding=\"async\" width=\"620\" height=\"329\" src=\"https:\/\/www.vmfturbinas.com\/wp-content\/uploads\/2024\/03\/air-king.png\" class=\"attachment-large size-large wp-image-1106\" alt=\"\" srcset=\"https:\/\/www.vmfturbinas.com\/wp-content\/uploads\/2024\/03\/air-king.png 700w, https:\/\/www.vmfturbinas.com\/wp-content\/uploads\/2024\/03\/air-king-300x159.png 300w, https:\/\/www.vmfturbinas.com\/wp-content\/uploads\/2024\/03\/air-king-18x10.png 18w\" sizes=\"(max-width: 620px) 100vw, 620px\" \/>\t\t\t\t\t\t\t\t\t\t\t\t\t\t\t<\/div>\n\t\t\t\t<\/div>\n\t\t\t\t<\/div>\n\t\t\t\t\t<\/div>\n\t\t\t\t<\/div>\n\t\t\t\t\t<\/div>\n\t\t\t\t<\/div>\n\t\t<div class=\"elementor-element elementor-element-cf2ec4d e-flex e-con-boxed e-con e-parent\" data-id=\"cf2ec4d\" data-element_type=\"container\">\n\t\t\t\t\t<div class=\"e-con-inner\">\n\t\t\t\t<div class=\"elementor-element elementor-element-b8ab19a elementor-widget elementor-widget-heading\" data-id=\"b8ab19a\" data-element_type=\"widget\" data-widget_type=\"heading.default\">\n\t\t\t\t<div class=\"elementor-widget-container\">\n\t\t\t\t\t<h2 class=\"elementor-heading-title elementor-size-default\">Call VMF Turbinas<\/h2>\t\t\t\t<\/div>\n\t\t\t\t<\/div>\n\t\t\t\t<div class=\"elementor-element elementor-element-267f8f8 elementor-widget elementor-widget-heading\" data-id=\"267f8f8\" data-element_type=\"widget\" data-widget_type=\"heading.default\">\n\t\t\t\t<div class=\"elementor-widget-container\">\n\t\t\t\t\t<h2 class=\"elementor-heading-title elementor-size-default\">comercial@vmfturbinas.com<\/h2>\t\t\t\t<\/div>\n\t\t\t\t<\/div>\n\t\t\t\t\t<\/div>\n\t\t\t\t<\/div>\n\t\t\t\t<\/div>","protected":false},"excerpt":{"rendered":"<p>Entre em contato com nossos especialistas e fa\u00e7a uma consulta sobre partes e pe\u00e7as de avi\u00f5es. Ligue para VMF Turbinas comercial@vmfturbinas.com<\/p>","protected":false},"author":1,"featured_media":0,"parent":0,"menu_order":0,"comment_status":"closed","ping_status":"closed","template":"","meta":{"footnotes":""},"class_list":["post-15","page","type-page","status-publish","hentry","entry"],"aioseo_notices":[],"_links":{"self":[{"href":"https:\/\/www.vmfturbinas.com\/en\/wp-json\/wp\/v2\/pages\/15","targetHints":{"allow":["GET"]}}],"collection":[{"href":"https:\/\/www.vmfturbinas.com\/en\/wp-json\/wp\/v2\/pages"}],"about":[{"href":"https:\/\/www.vmfturbinas.com\/en\/wp-json\/wp\/v2\/types\/page"}],"author":[{"embeddable":true,"href":"https:\/\/www.vmfturbinas.com\/en\/wp-json\/wp\/v2\/users\/1"}],"replies":[{"embeddable":true,"href":"https:\/\/www.vmfturbinas.com\/en\/wp-json\/wp\/v2\/comments?post=15"}],"version-history":[{"count":28,"href":"https:\/\/www.vmfturbinas.com\/en\/wp-json\/wp\/v2\/pages\/15\/revisions"}],"predecessor-version":[{"id":1112,"href":"https:\/\/www.vmfturbinas.com\/en\/wp-json\/wp\/v2\/pages\/15\/revisions\/1112"}],"wp:attachment":[{"href":"https:\/\/www.vmfturbinas.com\/en\/wp-json\/wp\/v2\/media?parent=15"}],"curies":[{"name":"wp","href":"https:\/\/api.w.org\/{rel}","templated":true}]}}