{"id":13,"date":"2024-02-23T17:25:46","date_gmt":"2024-02-23T20:25:46","guid":{"rendered":"http:\/\/br872.teste.website\/~vmftur82\/wordpress\/?page_id=13"},"modified":"2024-03-10T14:09:22","modified_gmt":"2024-03-10T17:09:22","slug":"turbinas-disponiveis","status":"publish","type":"page","link":"https:\/\/www.vmfturbinas.com\/en\/turbinas-disponiveis\/","title":{"rendered":"Available Turbines"},"content":{"rendered":"<div data-elementor-type=\"wp-page\" data-elementor-id=\"13\" class=\"elementor elementor-13\" data-elementor-post-type=\"page\">\n\t\t\t\t<div class=\"elementor-element elementor-element-2f5c149 e-flex e-con-boxed e-con e-parent\" data-id=\"2f5c149\" data-element_type=\"container\">\n\t\t\t\t\t<div class=\"e-con-inner\">\n\t\t<div class=\"elementor-element elementor-element-91ccf6d e-con-full e-flex e-con e-child\" data-id=\"91ccf6d\" data-element_type=\"container\">\n\t\t\t\t<div class=\"elementor-element elementor-element-31298b6 elementor-widget elementor-widget-text-editor\" data-id=\"31298b6\" data-element_type=\"widget\" data-widget_type=\"text-editor.default\">\n\t\t\t\t<div class=\"elementor-widget-container\">\n\t\t\t\t\t\t\t\t\t<p>Our list of available turbines keeps growing! Consult us about your needs as we have a large network of partners around the world and we will help you find them.<\/p>\t\t\t\t\t\t\t\t<\/div>\n\t\t\t\t<\/div>\n\t\t\t\t<\/div>\n\t\t<div class=\"elementor-element elementor-element-82a3c81 e-con-full e-flex e-con e-child\" data-id=\"82a3c81\" data-element_type=\"container\">\n\t\t\t\t<div class=\"elementor-element elementor-element-335b761 elementor-widget elementor-widget-image\" data-id=\"335b761\" data-element_type=\"widget\" data-widget_type=\"image.default\">\n\t\t\t\t<div class=\"elementor-widget-container\">\n\t\t\t\t\t\t\t\t\t\t\t\t\t\t\t<img fetchpriority=\"high\" decoding=\"async\" width=\"500\" height=\"265\" src=\"https:\/\/www.vmfturbinas.com\/wp-content\/uploads\/2024\/02\/pt6a-engine.png\" class=\"attachment-large size-large wp-image-85\" alt=\"\" srcset=\"https:\/\/www.vmfturbinas.com\/wp-content\/uploads\/2024\/02\/pt6a-engine.png 500w, https:\/\/www.vmfturbinas.com\/wp-content\/uploads\/2024\/02\/pt6a-engine-300x159.png 300w\" sizes=\"(max-width: 500px) 100vw, 500px\" \/>\t\t\t\t\t\t\t\t\t\t\t\t\t\t\t<\/div>\n\t\t\t\t<\/div>\n\t\t\t\t<\/div>\n\t\t\t\t\t<\/div>\n\t\t\t\t<\/div>\n\t\t<div class=\"elementor-element elementor-element-892f0c1 e-flex e-con-boxed e-con e-parent\" data-id=\"892f0c1\" data-element_type=\"container\">\n\t\t\t\t\t<div class=\"e-con-inner\">\n\t\t\t\t<div class=\"elementor-element elementor-element-c7e2299 elementor-widget elementor-widget-text-editor\" data-id=\"c7e2299\" data-element_type=\"widget\" data-widget_type=\"text-editor.default\">\n\t\t\t\t<div class=\"elementor-widget-container\">\n\t\t\t\t\t\t\t\t\t<p>Find the PT6A engine you need, consult us about your needs as we have a large network of partners around the world and we will help you find it.<\/p>\t\t\t\t\t\t\t\t<\/div>\n\t\t\t\t<\/div>\n\t\t\t\t<div class=\"elementor-element elementor-element-30214c4 elementor-widget elementor-widget-heading\" data-id=\"30214c4\" data-element_type=\"widget\" data-widget_type=\"heading.default\">\n\t\t\t\t<div class=\"elementor-widget-container\">\n\t\t\t\t\t<h2 class=\"elementor-heading-title elementor-size-default\">Fale com a para VMF Turbinas<\/h2>\t\t\t\t<\/div>\n\t\t\t\t<\/div>\n\t\t\t\t<div class=\"elementor-element elementor-element-0aa7613 elementor-widget elementor-widget-heading\" data-id=\"0aa7613\" data-element_type=\"widget\" data-widget_type=\"heading.default\">\n\t\t\t\t<div class=\"elementor-widget-container\">\n\t\t\t\t\t<h2 class=\"elementor-heading-title elementor-size-default\">comercial@vmfturbinas.com<\/h2>\t\t\t\t<\/div>\n\t\t\t\t<\/div>\n\t\t\t\t\t<\/div>\n\t\t\t\t<\/div>\n\t\t\t\t<\/div>","protected":false},"excerpt":{"rendered":"<p>Nossa lista de turbinas dispon\u00edveis n\u00e3o para de crescer! consulte-nos sobre sua necessidade pois temos uma grande rede de parceiros no mundo e ajudamos voc\u00ea a encontr\u00e1-la. Encontre o motor PT6A que voc\u00ea precisa, consulte-nos sobre sua necessidade pois temos uma grande rede de parceiros no mundo e ajudamos voc\u00ea a encontr\u00e1-la. Fale com a<a class=\"more-link\" href=\"https:\/\/www.vmfturbinas.com\/en\/turbinas-disponiveis\/\">Continue reading <span class=\"screen-reader-text\">&#8220;Turbinas Dispon\u00edveis&#8221;<\/span><\/a><\/p>","protected":false},"author":1,"featured_media":0,"parent":0,"menu_order":0,"comment_status":"closed","ping_status":"closed","template":"","meta":{"footnotes":""},"class_list":["post-13","page","type-page","status-publish","hentry","entry"],"aioseo_notices":[],"_links":{"self":[{"href":"https:\/\/www.vmfturbinas.com\/en\/wp-json\/wp\/v2\/pages\/13","targetHints":{"allow":["GET"]}}],"collection":[{"href":"https:\/\/www.vmfturbinas.com\/en\/wp-json\/wp\/v2\/pages"}],"about":[{"href":"https:\/\/www.vmfturbinas.com\/en\/wp-json\/wp\/v2\/types\/page"}],"author":[{"embeddable":true,"href":"https:\/\/www.vmfturbinas.com\/en\/wp-json\/wp\/v2\/users\/1"}],"replies":[{"embeddable":true,"href":"https:\/\/www.vmfturbinas.com\/en\/wp-json\/wp\/v2\/comments?post=13"}],"version-history":[{"count":31,"href":"https:\/\/www.vmfturbinas.com\/en\/wp-json\/wp\/v2\/pages\/13\/revisions"}],"predecessor-version":[{"id":1065,"href":"https:\/\/www.vmfturbinas.com\/en\/wp-json\/wp\/v2\/pages\/13\/revisions\/1065"}],"wp:attachment":[{"href":"https:\/\/www.vmfturbinas.com\/en\/wp-json\/wp\/v2\/media?parent=13"}],"curies":[{"name":"wp","href":"https:\/\/api.w.org\/{rel}","templated":true}]}}