{"id":11,"date":"2024-02-23T17:25:04","date_gmt":"2024-02-23T20:25:04","guid":{"rendered":"http:\/\/br872.teste.website\/~vmftur82\/wordpress\/?page_id=11"},"modified":"2024-03-10T00:30:24","modified_gmt":"2024-03-10T03:30:24","slug":"home","status":"publish","type":"page","link":"https:\/\/www.vmfturbinas.com\/en\/","title":{"rendered":"Home"},"content":{"rendered":"<div data-elementor-type=\"wp-page\" data-elementor-id=\"11\" class=\"elementor elementor-11\" data-elementor-post-type=\"page\">\n\t\t\t\t<div class=\"elementor-element elementor-element-8b6ac12 e-flex e-con-boxed e-con e-parent\" data-id=\"8b6ac12\" data-element_type=\"container\" data-settings=\"{&quot;background_background&quot;:&quot;classic&quot;}\">\n\t\t\t\t\t<div class=\"e-con-inner\">\n\t\t<div class=\"elementor-element elementor-element-4f8be37 e-con-full e-flex e-con e-child\" data-id=\"4f8be37\" data-element_type=\"container\">\n\t\t\t\t<div class=\"elementor-element elementor-element-e8a2335 elementor-widget elementor-widget-heading\" data-id=\"e8a2335\" data-element_type=\"widget\" data-widget_type=\"heading.default\">\n\t\t\t\t<div class=\"elementor-widget-container\">\n\t\t\t\t\t<h2 class=\"elementor-heading-title elementor-size-default\">Maintenance and equipment specialists<\/h2>\t\t\t\t<\/div>\n\t\t\t\t<\/div>\n\t\t\t\t<div class=\"elementor-element elementor-element-ed0ff45 elementor-widget elementor-widget-text-editor\" data-id=\"ed0ff45\" data-element_type=\"widget\" data-widget_type=\"text-editor.default\">\n\t\t\t\t<div class=\"elementor-widget-container\">\n\t\t\t\t\t\t\t\t\t<p>VMF Turbinas is an independent, certified company that brings solutions to the aeronautical maintenance market in the supply of parts, components, engines and repair services for aeronautical engines through our specialized team, with over 30 years of experience in the market.<\/p><p><br \/>We understand that it is with personalized and fast service that we bring to the market the level of quality that our customers seek; be they national, international, commercial and government.<\/p>\t\t\t\t\t\t\t\t<\/div>\n\t\t\t\t<\/div>\n\t\t\t\t<\/div>\n\t\t<div class=\"elementor-element elementor-element-7c65a77 e-con-full e-flex e-con e-child\" data-id=\"7c65a77\" data-element_type=\"container\">\n\t\t\t\t<div class=\"elementor-element elementor-element-1389f31 elementor-widget elementor-widget-image\" data-id=\"1389f31\" data-element_type=\"widget\" data-widget_type=\"image.default\">\n\t\t\t\t<div class=\"elementor-widget-container\">\n\t\t\t\t\t\t\t\t\t\t\t\t\t\t\t<img fetchpriority=\"high\" decoding=\"async\" width=\"500\" height=\"265\" src=\"https:\/\/www.vmfturbinas.com\/wp-content\/uploads\/2024\/02\/pt6a-engine.png\" class=\"attachment-large size-large wp-image-85\" alt=\"\" srcset=\"https:\/\/www.vmfturbinas.com\/wp-content\/uploads\/2024\/02\/pt6a-engine.png 500w, https:\/\/www.vmfturbinas.com\/wp-content\/uploads\/2024\/02\/pt6a-engine-300x159.png 300w\" sizes=\"(max-width: 500px) 100vw, 500px\" \/>\t\t\t\t\t\t\t\t\t\t\t\t\t\t\t<\/div>\n\t\t\t\t<\/div>\n\t\t\t\t<div class=\"elementor-element elementor-element-5eee07b elementor-align-center elementor-widget elementor-widget-button\" data-id=\"5eee07b\" data-element_type=\"widget\" data-widget_type=\"button.default\">\n\t\t\t\t<div class=\"elementor-widget-container\">\n\t\t\t\t\t\t\t\t\t<div class=\"elementor-button-wrapper\">\n\t\t\t\t\t<a class=\"elementor-button elementor-button-link elementor-size-md\" href=\"https:\/\/www.vmfturbinas.com\/en\/quem-somos\/\">\n\t\t\t\t\t\t<span class=\"elementor-button-content-wrapper\">\n\t\t\t\t\t\t\t\t\t<span class=\"elementor-button-text\">More...<\/span>\n\t\t\t\t\t<\/span>\n\t\t\t\t\t<\/a>\n\t\t\t\t<\/div>\n\t\t\t\t\t\t\t\t<\/div>\n\t\t\t\t<\/div>\n\t\t\t\t<\/div>\n\t\t\t\t\t<\/div>\n\t\t\t\t<\/div>\n\t\t<div class=\"elementor-element elementor-element-858c355 e-flex e-con-boxed e-con e-parent\" data-id=\"858c355\" data-element_type=\"container\">\n\t\t\t\t\t<div class=\"e-con-inner\">\n\t\t\t\t<div class=\"elementor-element elementor-element-761d645 elementor-widget elementor-widget-heading\" data-id=\"761d645\" data-element_type=\"widget\" data-widget_type=\"heading.default\">\n\t\t\t\t<div class=\"elementor-widget-container\">\n\t\t\t\t\t<h2 class=\"elementor-heading-title elementor-size-default\">Certifications and Homologations<\/h2>\t\t\t\t<\/div>\n\t\t\t\t<\/div>\n\t\t\t\t\t<\/div>\n\t\t\t\t<\/div>\n\t\t<div class=\"elementor-element elementor-element-1dbd0b5 e-flex e-con-boxed e-con e-parent\" data-id=\"1dbd0b5\" data-element_type=\"container\">\n\t\t\t\t\t<div class=\"e-con-inner\">\n\t\t<div class=\"elementor-element elementor-element-01eab3b e-con-full e-flex e-con e-child\" data-id=\"01eab3b\" data-element_type=\"container\">\n\t\t\t\t<div class=\"elementor-element elementor-element-32a0666 elementor-widget elementor-widget-image\" data-id=\"32a0666\" data-element_type=\"widget\" data-widget_type=\"image.default\">\n\t\t\t\t<div class=\"elementor-widget-container\">\n\t\t\t\t\t\t\t\t\t\t\t\t\t\t\t<img decoding=\"async\" src=\"https:\/\/www.vmfturbinas.com\/wp-content\/uploads\/elementor\/thumbs\/Logotipo_ANAC_agencia_governamental-qkl3lyet5f83irwlzu7rkza4paz5iqlxthstyi04cg.png\" title=\"Logotipo_ANAC_agencia_governamental\" alt=\"Logotipo_ANAC_agencia_governamental\" loading=\"lazy\" \/>\t\t\t\t\t\t\t\t\t\t\t\t\t\t\t<\/div>\n\t\t\t\t<\/div>\n\t\t\t\t<\/div>\n\t\t<div class=\"elementor-element elementor-element-00c09c3 e-con-full e-flex e-con e-child\" data-id=\"00c09c3\" data-element_type=\"container\">\n\t\t\t\t<div class=\"elementor-element elementor-element-2aafc30 elementor-widget elementor-widget-image\" data-id=\"2aafc30\" data-element_type=\"widget\" data-widget_type=\"image.default\">\n\t\t\t\t<div class=\"elementor-widget-container\">\n\t\t\t\t\t\t\t\t\t\t\t\t\t\t\t<img decoding=\"async\" src=\"https:\/\/www.vmfturbinas.com\/wp-content\/uploads\/elementor\/thumbs\/dirmab-qkl3lxgyyl6t75xz5bt50hio3x3sb1i7hd5ch81iio.png\" title=\"dirmab\" alt=\"dirmab\" loading=\"lazy\" \/>\t\t\t\t\t\t\t\t\t\t\t\t\t\t\t<\/div>\n\t\t\t\t<\/div>\n\t\t\t\t<\/div>\n\t\t<div class=\"elementor-element elementor-element-fa20e1f e-con-full e-flex e-con e-child\" data-id=\"fa20e1f\" data-element_type=\"container\">\n\t\t\t\t<\/div>\n\t\t<div class=\"elementor-element elementor-element-9f0a98c e-con-full e-flex e-con e-child\" data-id=\"9f0a98c\" data-element_type=\"container\">\n\t\t\t\t<\/div>\n\t\t\t\t\t<\/div>\n\t\t\t\t<\/div>\n\t\t\t\t<\/div>","protected":false},"excerpt":{"rendered":"<p>Especialistas em manuten\u00e7\u00e3o e equipamentos A VMF Turbinas \u00e9 uma empresa independente, certificada e traz ao mercado de manuten\u00e7\u00e3o aeron\u00e1utica solu\u00e7\u00f5es no fornecimento de pe\u00e7as, componentes, motores e servi\u00e7os de reparo em motores aeron\u00e1uticos atrav\u00e9s de nossa equipe especializada, com experi\u00eancia superior a 30 anos de mercado. Entendemos que \u00e9 com um atendimento personalizado e<a class=\"more-link\" href=\"https:\/\/www.vmfturbinas.com\/en\/\">Continue reading <span class=\"screen-reader-text\">&#8220;Home&#8221;<\/span><\/a><\/p>","protected":false},"author":1,"featured_media":0,"parent":0,"menu_order":0,"comment_status":"closed","ping_status":"closed","template":"elementor_header_footer","meta":{"footnotes":""},"class_list":["post-11","page","type-page","status-publish","hentry","entry"],"aioseo_notices":[],"_links":{"self":[{"href":"https:\/\/www.vmfturbinas.com\/en\/wp-json\/wp\/v2\/pages\/11","targetHints":{"allow":["GET"]}}],"collection":[{"href":"https:\/\/www.vmfturbinas.com\/en\/wp-json\/wp\/v2\/pages"}],"about":[{"href":"https:\/\/www.vmfturbinas.com\/en\/wp-json\/wp\/v2\/types\/page"}],"author":[{"embeddable":true,"href":"https:\/\/www.vmfturbinas.com\/en\/wp-json\/wp\/v2\/users\/1"}],"replies":[{"embeddable":true,"href":"https:\/\/www.vmfturbinas.com\/en\/wp-json\/wp\/v2\/comments?post=11"}],"version-history":[{"count":529,"href":"https:\/\/www.vmfturbinas.com\/en\/wp-json\/wp\/v2\/pages\/11\/revisions"}],"predecessor-version":[{"id":1032,"href":"https:\/\/www.vmfturbinas.com\/en\/wp-json\/wp\/v2\/pages\/11\/revisions\/1032"}],"wp:attachment":[{"href":"https:\/\/www.vmfturbinas.com\/en\/wp-json\/wp\/v2\/media?parent=11"}],"curies":[{"name":"wp","href":"https:\/\/api.w.org\/{rel}","templated":true}]}}